{"id":4057,"date":"2015-04-05T19:07:36","date_gmt":"2015-04-05T23:07:36","guid":{"rendered":"http:\/\/www.hivandrehab.ca\/?page_id=4057"},"modified":"2025-04-17T13:29:07","modified_gmt":"2025-04-17T17:29:07","slug":"ressources","status":"publish","type":"page","link":"https:\/\/www.realizecanada.org\/fr\/ressources\/","title":{"rendered":"Ressources"},"content":{"rendered":"\n<p>Bienvenue dans la section Ressources de notre site Web. Cette section servira de centre pour tout le mat\u00e9riel produit par <strong><em>R\u00e9alise<\/em><\/strong>, ainsi que pour le mat\u00e9riel produit par nos nombreux partenaires.<\/p>\n\n\n\n<p>En plus de notre biblioth\u00e8que enti\u00e8re de documents, vous y trouverez aussi&nbsp;:<\/p>\n\n\n\n<ul class=\"wp-block-list\"><li>des liens vers notre s\u00e9rie de cours sur la gestion des handicaps \u00e9pisodiques;<\/li><li>des liens vers les sites Web pris en charge par <strong><em>R\u00e9alise<\/em><\/strong>;<\/li><li>notre banque de vid\u00e9os; et<\/li><li>notre Cybermodule sur la r\u00e9adaptation VIH fond\u00e9e sur des preuves.<\/li><\/ul>\n\n\n\n<p>Nous souhaitons vous aider \u00e0 rester inform\u00e9; ainsi, si vous ne voyez pas le document d\u00e9sir\u00e9, cherchez-le avec l\u2019outil de recherche ci-dessous.<\/p>\n\n\n\t<div id=\"page-icons-block_61a8f22a7704a\" class=\"rlz-icon-grid rlz-custom-block\">\n\n\t\t<div class=\"row\">\t\t\t\t\n\t\t\t\t<div class=\"col-lg-4 text-center mb-3\">\n\t\t\t\t\t<div class=\"icon-grid-item position-relative px-4\">\n\t\t\t\t\t\t<div class=\"icon-container mx-auto\">\n\t\t\t\t\t\t\t<img decoding=\"async\" src=\"https:\/\/www.realizecanada.org\/wp-content\/uploads\/documents-icons-02.svg\" class=\"style-svg\" \/>\n\t\t\t\t\t\t<\/div>\n\t\t\t\t\t\t<h4 class=\"my-3\"><a href=\"https:\/\/www.realizecanada.org\/fr\/documents\/\" class=\"stretched-link\">Biblioth\u00e8que de documents<\/a>\t\t\t\t\t\t<\/h4>\n\t\t\t\t\t<\/div>\n\t\t\t\t<\/div>\t\t\t\t\n\t\t\t\t<div class=\"col-lg-4 text-center mb-3\">\n\t\t\t\t\t<div class=\"icon-grid-item position-relative px-4\">\n\t\t\t\t\t\t<div class=\"icon-container mx-auto\">\n\t\t\t\t\t\t\t<img decoding=\"async\" src=\"https:\/\/www.realizecanada.org\/wp-content\/uploads\/education-icons-01.svg\" class=\"style-svg\" \/>\n\t\t\t\t\t\t<\/div>\n\t\t\t\t\t\t<h4 class=\"my-3\"><a href=\"\/fr\/ressources\/education\/\" class=\"stretched-link\">\u00c9ducation<\/a>\t\t\t\t\t\t<\/h4>\n\t\t\t\t\t<\/div>\n\t\t\t\t<\/div>\t\t\t\t\n\t\t\t\t<div class=\"col-lg-4 text-center mb-3\">\n\t\t\t\t\t<div class=\"icon-grid-item position-relative px-4\">\n\t\t\t\t\t\t<div class=\"icon-container mx-auto\">\n\t\t\t\t\t\t\t<img decoding=\"async\" src=\"https:\/\/www.realizecanada.org\/wp-content\/uploads\/module-icons-03.svg\" class=\"style-svg\" \/>\n\t\t\t\t\t\t<\/div>\n\t\t\t\t\t\t<h4 class=\"my-3\"><a href=\"https:\/\/www.realizecanada.org\/fr\/ressources\/le-cybermodule-sur-le-vih-et-la-readaptation\/\" class=\"stretched-link\">Le cybermodule sur le VIH et la r\u00e9adaptation<\/a>\t\t\t\t\t\t<\/h4>\n\t\t\t\t\t<\/div>\n\t\t\t\t<\/div>\n\t\t<\/div>\n\t<\/div>","protected":false},"excerpt":{"rendered":"<p>Bienvenue dans la section Ressources de notre site Web. Cette section servira de centre pour tout le mat\u00e9riel produit par&hellip;<\/p>\n","protected":false},"author":2,"featured_media":0,"parent":0,"menu_order":13,"comment_status":"closed","ping_status":"closed","template":"","meta":{"_acf_changed":false,"inline_featured_image":false,"_genesis_hide_title":false,"_genesis_hide_breadcrumbs":false,"_genesis_hide_singular_image":false,"_genesis_hide_footer_widgets":false,"_genesis_custom_body_class":"","_genesis_custom_post_class":"","_genesis_layout":"","jetpack_post_was_ever_published":false,"footnotes":""},"class_list":{"0":"post-4057","1":"page","2":"type-page","3":"status-publish","5":"entry"},"acf":[],"featured_image_src":null,"featured_image_src_square":null,"jetpack_sharing_enabled":true,"jetpack_shortlink":"https:\/\/wp.me\/P9qZtH-13r","_links":{"self":[{"href":"https:\/\/www.realizecanada.org\/fr\/wp-json\/wp\/v2\/pages\/4057","targetHints":{"allow":["GET"]}}],"collection":[{"href":"https:\/\/www.realizecanada.org\/fr\/wp-json\/wp\/v2\/pages"}],"about":[{"href":"https:\/\/www.realizecanada.org\/fr\/wp-json\/wp\/v2\/types\/page"}],"author":[{"embeddable":true,"href":"https:\/\/www.realizecanada.org\/fr\/wp-json\/wp\/v2\/users\/2"}],"replies":[{"embeddable":true,"href":"https:\/\/www.realizecanada.org\/fr\/wp-json\/wp\/v2\/comments?post=4057"}],"version-history":[{"count":11,"href":"https:\/\/www.realizecanada.org\/fr\/wp-json\/wp\/v2\/pages\/4057\/revisions"}],"predecessor-version":[{"id":18218,"href":"https:\/\/www.realizecanada.org\/fr\/wp-json\/wp\/v2\/pages\/4057\/revisions\/18218"}],"wp:attachment":[{"href":"https:\/\/www.realizecanada.org\/fr\/wp-json\/wp\/v2\/media?parent=4057"}],"curies":[{"name":"wp","href":"https:\/\/api.w.org\/{rel}","templated":true}]}}